{"id":2634,"date":"2025-02-14T14:43:07","date_gmt":"2025-02-14T13:43:07","guid":{"rendered":"https:\/\/biqx.de\/?page_id=2634"},"modified":"2025-02-17T10:00:15","modified_gmt":"2025-02-17T09:00:15","slug":"mehr-wissen-bessere-entscheidungen-unsere-business-intelligence-loesungen","status":"publish","type":"page","link":"https:\/\/biqx.de\/en\/mehr-wissen-bessere-entscheidungen-unsere-business-intelligence-loesungen\/","title":{"rendered":"Mehr Wissen, bessere Entscheidungen: Unsere Business-Intelligence-L\u00f6sungen"},"content":{"rendered":"<h3 class=\"wp-block-heading\">Was ist Business Intelligence?<\/h3>\n\n\n\n<div class=\"wp-block-columns is-layout-flex wp-container-core-columns-is-layout-9d6595d7 wp-block-columns-is-layout-flex\">\n<div class=\"wp-block-column is-layout-flow wp-block-column-is-layout-flow\">\n<p>In einer Zeit, in der Daten die Basis f\u00fcr Erfolg bilden, wird die F\u00e4higkeit, fundierte Entscheidungen zu treffen, zum echten Wettbewerbsvorteil. Genau hier unterst\u00fctzt dich Business Intelligence (BI): Sie verwandelt eine F\u00fclle von Daten in verwertbare Erkenntnisse. Durch BI-Technologien und -Methoden zur Sammlung, Analyse und Darstellung \u2013 etwa \u00fcber Dashboards und Berichte \u2013 erh\u00e4ltst du tiefere Einblicke in die Entwicklung deines Unternehmens, erkennst entscheidende Trends und kannst deine n\u00e4chsten Schritte sicher planen.<\/p>\n<\/div>\n\n\n\n<div class=\"wp-block-column is-layout-flow wp-block-column-is-layout-flow\">\n<figure class=\"wp-block-image size-large\"><img loading=\"lazy\" decoding=\"async\" width=\"1024\" height=\"737\" src=\"https:\/\/biqx.de\/wp-content\/uploads\/2025\/02\/stephen-dawson-qwtCeJ5cLYs-unsplash-1024x737.jpg?wsr\" alt=\"\" class=\"wp-image-2647\" srcset=\"https:\/\/biqx.de\/wp-content\/uploads\/2025\/02\/stephen-dawson-qwtCeJ5cLYs-unsplash-1024x737.jpg 1024w, https:\/\/biqx.de\/wp-content\/uploads\/2025\/02\/stephen-dawson-qwtCeJ5cLYs-unsplash-300x216.jpg 300w, https:\/\/biqx.de\/wp-content\/uploads\/2025\/02\/stephen-dawson-qwtCeJ5cLYs-unsplash-768x553.jpg 768w, https:\/\/biqx.de\/wp-content\/uploads\/2025\/02\/stephen-dawson-qwtCeJ5cLYs-unsplash-1536x1105.jpg 1536w, https:\/\/biqx.de\/wp-content\/uploads\/2025\/02\/stephen-dawson-qwtCeJ5cLYs-unsplash-2048x1474.jpg 2048w, https:\/\/biqx.de\/wp-content\/uploads\/2025\/02\/stephen-dawson-qwtCeJ5cLYs-unsplash-18x12.jpg 18w\" sizes=\"auto, (max-width: 1024px) 100vw, 1024px\" \/><\/figure>\n<\/div>\n<\/div>\n\n\n\n<h3 class=\"wp-block-heading\">Unsere BI-Expertise bei der biqx GmbH<\/h3>\n\n\n\n<p>Die biqx GmbH begleitet dich auf deinem Weg zu datenbasierten Entscheidungen. Unsere BI-L\u00f6sungen decken den gesamten Datenprozess ab \u2013 von der Integration und Analyse \u00fcber die Visualisierung bis hin zur Bereitstellung von Berichten und Dashboards.<\/p>\n\n\n\n<h3 class=\"wp-block-heading\">Datenintegration und -analyse<\/h3>\n\n\n\n<p>Wir sammeln, integrieren und analysieren deine Daten aus unterschiedlichsten Quellen, damit du eine umfassende Sicht auf dein Unternehmen erh\u00e4ltst. Durch ma\u00dfgeschneiderte Datenmodelle und Integrationsstrategien \u2013 egal ob in der Cloud oder On-Premise \u2013 legen wir die Grundlage f\u00fcr pr\u00e4zise Analysen.<\/p>\n\n\n\n<div class=\"wp-block-columns is-layout-flex wp-container-core-columns-is-layout-9d6595d7 wp-block-columns-is-layout-flex\">\n<div class=\"wp-block-column is-layout-flow wp-block-column-is-layout-flow\">\n<figure class=\"wp-block-image size-large\"><img loading=\"lazy\" decoding=\"async\" width=\"1024\" height=\"575\" src=\"https:\/\/biqx.de\/wp-content\/uploads\/2025\/02\/cyborg-8534055_1280-1024x575.png?wsr\" alt=\"\" class=\"wp-image-2649\" srcset=\"https:\/\/biqx.de\/wp-content\/uploads\/2025\/02\/cyborg-8534055_1280-1024x575.png 1024w, https:\/\/biqx.de\/wp-content\/uploads\/2025\/02\/cyborg-8534055_1280-300x169.png 300w, https:\/\/biqx.de\/wp-content\/uploads\/2025\/02\/cyborg-8534055_1280-768x431.png 768w, https:\/\/biqx.de\/wp-content\/uploads\/2025\/02\/cyborg-8534055_1280-18x10.png 18w, https:\/\/biqx.de\/wp-content\/uploads\/2025\/02\/cyborg-8534055_1280.png 1280w\" sizes=\"auto, (max-width: 1024px) 100vw, 1024px\" \/><\/figure>\n<\/div>\n\n\n\n<div class=\"wp-block-column is-layout-flow wp-block-column-is-layout-flow\">\n<h3 class=\"wp-block-heading\">Erweiterte Analytik und KI-Readiness<\/h3>\n\n\n\n<p>Mit unseren L\u00f6sungen machst du dir das Potenzial von maschinellem Lernen und pr\u00e4diktiver Analytik zunutze. Wir unterst\u00fctzen dich dabei, verborgene Muster und Trends zu erkennen, sodass du zielsicher in die Zukunft planen und datenbasierte Technologien wie K\u00fcnstliche Intelligenz optimal einsetzen kannst.<\/p>\n<\/div>\n<\/div>\n\n\n\n<h3 class=\"wp-block-heading\">Interaktive Dashboards und Berichte<\/h3>\n\n\n\n<p>Unsere anpassbaren Dashboards sorgen daf\u00fcr, dass alle wichtigen Kennzahlen (KPIs) in deinem Unternehmen verst\u00e4ndlich und leicht zug\u00e4nglich sind. Nach modernen Visualisierungsstandards wie IBCS gestaltet, erm\u00f6glichen unsere nutzerfreundlichen Berichte fundierte Entscheidungen auf Basis klarer Daten.<\/p>\n\n\n\n<h3 class=\"wp-block-heading\">Langfristige Partnerschaft und Unabh\u00e4ngigkeit<\/h3>\n\n\n\n<p>Wir setzen auf ehrliche, langfristige Zusammenarbeit und sind herstellerunabh\u00e4ngig. Das bedeutet, dass wir die passenden BI-Tools f\u00fcr deine spezifischen Herausforderungen finden und als Partner auf Augenh\u00f6he mit dir zusammenarbeiten.<\/p>\n\n\n\n<h3 class=\"wp-block-heading\">Projektbeispiele<\/h3>\n\n\n\n<ul class=\"wp-block-list\">\n<li><strong>Einzelhandel:<\/strong> Seit \u00fcber sieben Jahren betreuen wir Abteilungen eines f\u00fchrenden Einzelhandelsunternehmens und unterst\u00fctzen sie bei der Data-Warehouse-Entwicklung, dem Dashboarding und in der Berichtserstellung.<\/li>\n\n\n\n<li><strong>Reisebranche:<\/strong> F\u00fcr deutsche Reiseveranstalter haben wir ma\u00dfgeschneiderte BI-L\u00f6sungen entwickelt, die tiefere Einblicke in zentrale Kennzahlen bieten und das Buchungs- und Reiseerlebnis verbessern.<\/li>\n\n\n\n<li><strong>Customer-Care-Center:<\/strong> In einem weiteren Projekt haben wir Excel-basierte Tools zu Microsoft Power Apps migriert und dadurch die Effizienz der globalen Teams gesteigert.<\/li>\n\n\n\n<li><strong>Logistik und Bahnindustrie:<\/strong> Unsere Analysen von Sensordaten haben einem Logistikunternehmen geholfen, Fehlerquellen in Echtzeit zu identifizieren und die Zuverl\u00e4ssigkeit ihrer Systeme zu verbessern.<\/li>\n<\/ul>\n\n\n\n<h3 class=\"wp-block-heading\">Gemeinsam in die Zukunft<\/h3>\n\n\n\n<p>Unsere BI-L\u00f6sungen helfen dir, das volle Potenzial deiner Daten auszusch\u00f6pfen und strategische Entscheidungen zu treffen. Lass uns gemeinsam deine datenbasierten Ziele erreichen und eine solide Grundlage f\u00fcr nachhaltiges Wachstum und Innovation schaffen.<\/p>\n\n\n\n<p><\/p>","protected":false},"excerpt":{"rendered":"<p>Was ist Business Intelligence? In einer Zeit, in der Daten die Basis f\u00fcr Erfolg bilden, wird die F\u00e4higkeit, fundierte Entscheidungen zu treffen, zum echten Wettbewerbsvorteil. Genau hier unterst\u00fctzt dich Business &#8230;<\/p>","protected":false},"author":8,"featured_media":0,"parent":0,"menu_order":0,"comment_status":"closed","ping_status":"closed","template":"","meta":{"footnotes":""},"class_list":["post-2634","page","type-page","status-publish","hentry"],"_links":{"self":[{"href":"https:\/\/biqx.de\/en\/wp-json\/wp\/v2\/pages\/2634","targetHints":{"allow":["GET"]}}],"collection":[{"href":"https:\/\/biqx.de\/en\/wp-json\/wp\/v2\/pages"}],"about":[{"href":"https:\/\/biqx.de\/en\/wp-json\/wp\/v2\/types\/page"}],"author":[{"embeddable":true,"href":"https:\/\/biqx.de\/en\/wp-json\/wp\/v2\/users\/8"}],"replies":[{"embeddable":true,"href":"https:\/\/biqx.de\/en\/wp-json\/wp\/v2\/comments?post=2634"}],"version-history":[{"count":5,"href":"https:\/\/biqx.de\/en\/wp-json\/wp\/v2\/pages\/2634\/revisions"}],"predecessor-version":[{"id":2650,"href":"https:\/\/biqx.de\/en\/wp-json\/wp\/v2\/pages\/2634\/revisions\/2650"}],"wp:attachment":[{"href":"https:\/\/biqx.de\/en\/wp-json\/wp\/v2\/media?parent=2634"}],"curies":[{"name":"wp","href":"https:\/\/api.w.org\/{rel}","templated":true}]}}