{"id":2570,"date":"2024-10-30T15:01:29","date_gmt":"2024-10-30T14:01:29","guid":{"rendered":"https:\/\/biqx.de\/?page_id=2570"},"modified":"2024-10-30T15:01:30","modified_gmt":"2024-10-30T14:01:30","slug":"von-smart-homes-bis-industrie-die-bedeutung-von-iot","status":"publish","type":"page","link":"https:\/\/biqx.de\/en\/von-smart-homes-bis-industrie-die-bedeutung-von-iot\/","title":{"rendered":"Von Smart Homes bis Industrie: Die Bedeutung von IoT"},"content":{"rendered":"<figure class=\"wp-block-image size-full is-resized\"><img loading=\"lazy\" decoding=\"async\" width=\"567\" height=\"26\" src=\"https:\/\/biqx.de\/wp-content\/uploads\/2024\/06\/Screenshot-2024-06-14-063306-4.png\" alt=\"\" class=\"wp-image-2232\" style=\"width:875px;height:auto\" srcset=\"https:\/\/biqx.de\/wp-content\/uploads\/2024\/06\/Screenshot-2024-06-14-063306-4.png 567w, https:\/\/biqx.de\/wp-content\/uploads\/2024\/06\/Screenshot-2024-06-14-063306-4-300x14.png 300w, https:\/\/biqx.de\/wp-content\/uploads\/2024\/06\/Screenshot-2024-06-14-063306-4-18x1.png 18w\" sizes=\"auto, (max-width: 567px) 100vw, 567px\" \/><\/figure>\n\n\n\n<div class=\"wp-block-columns is-layout-flex wp-container-core-columns-is-layout-9d6595d7 wp-block-columns-is-layout-flex\">\n<div class=\"wp-block-column is-layout-flow wp-block-column-is-layout-flow\" style=\"flex-basis:100%\">\n<div class=\"wp-block-columns is-layout-flex wp-container-core-columns-is-layout-9d6595d7 wp-block-columns-is-layout-flex\">\n<div class=\"wp-block-column is-layout-flow wp-block-column-is-layout-flow\">\n<div class=\"wp-block-columns is-layout-flex wp-container-core-columns-is-layout-9d6595d7 wp-block-columns-is-layout-flex\">\n<div class=\"wp-block-column is-layout-flow wp-block-column-is-layout-flow\">\n<h3 class=\"wp-block-heading\" style=\"font-size:22px\"><mark style=\"background-color:rgba(0, 0, 0, 0);color:#01a19a\" class=\"has-inline-color\">Was ist IoT<\/mark><\/h3>\n\n\n\n<p>Das Internet der Dinge (IoT, &#8222;Internet of Things&#8220;) bezeichnet ein Netzwerk aus physischen Ger\u00e4ten und Objekten, die \u00fcber Sensoren, Software und andere Technologien mit dem Internet verbunden sind. Diese Ger\u00e4te besitzen ein eigenes Betriebssystem und k\u00f6nnen miteinander kommunizieren, Daten austauschen und sogar ferngesteuert werden. Typische IoT-Ger\u00e4te sind z.B. Smartwatches, Thermostate, Autos, Haushaltsger\u00e4te und industrielle Maschinen.<\/p>\n<\/div>\n\n\n\n<div class=\"wp-block-column is-layout-flow wp-block-column-is-layout-flow\">\n<figure class=\"wp-block-image size-full is-resized\"><img loading=\"lazy\" decoding=\"async\" width=\"955\" height=\"542\" src=\"https:\/\/biqx.de\/wp-content\/uploads\/2024\/10\/Design-ohne-Titel.png\" alt=\"\" class=\"wp-image-2578\" style=\"width:440px;height:auto\" srcset=\"https:\/\/biqx.de\/wp-content\/uploads\/2024\/10\/Design-ohne-Titel.png 955w, https:\/\/biqx.de\/wp-content\/uploads\/2024\/10\/Design-ohne-Titel-300x170.png 300w, https:\/\/biqx.de\/wp-content\/uploads\/2024\/10\/Design-ohne-Titel-768x436.png 768w, https:\/\/biqx.de\/wp-content\/uploads\/2024\/10\/Design-ohne-Titel-18x10.png 18w\" sizes=\"auto, (max-width: 955px) 100vw, 955px\" \/><\/figure>\n<\/div>\n<\/div>\n<\/div>\n<\/div>\n<\/div>\n<\/div>\n\n\n\n<h3 class=\"wp-block-heading\" style=\"font-size:22px\"><mark style=\"background-color:rgba(0, 0, 0, 0);color:#01a19a\" class=\"has-inline-color\">Wie funktioniert IoT?<\/mark><\/h3>\n\n\n\n<p>IoT-Ger\u00e4te sind mit dem Internet verbunden und in der Lage, ihren Standort zu \u00fcbermitteln und miteinander zu kommunizieren. Sie verwenden Sensoren, um Informationen zu erfassen, wie z.B. Temperatur, Feuchtigkeit oder Bewegung, und senden diese Daten zur weiteren Verarbeitung. Die Steuerung der Ger\u00e4te wird dadurch vereinfacht, da sie \u00fcber eine Fernbedienung, eine App oder automatisierte Prozesse bedient werden k\u00f6nnen.<\/p>\n\n\n\n<figure class=\"wp-block-image size-full is-resized\"><img loading=\"lazy\" decoding=\"async\" width=\"567\" height=\"26\" src=\"https:\/\/biqx.de\/wp-content\/uploads\/2024\/06\/Screenshot-2024-06-14-063306.png\" alt=\"\" class=\"wp-image-2220\" style=\"width:840px;height:auto\" srcset=\"https:\/\/biqx.de\/wp-content\/uploads\/2024\/06\/Screenshot-2024-06-14-063306.png 567w, https:\/\/biqx.de\/wp-content\/uploads\/2024\/06\/Screenshot-2024-06-14-063306-300x14.png 300w, https:\/\/biqx.de\/wp-content\/uploads\/2024\/06\/Screenshot-2024-06-14-063306-18x1.png 18w\" sizes=\"auto, (max-width: 567px) 100vw, 567px\" \/><\/figure>\n\n\n\n<h3 class=\"wp-block-heading\" style=\"font-size:22px\"><mark style=\"background-color:rgba(0, 0, 0, 0);color:#01a19a\" class=\"has-inline-color\">IoT-Kommunikationsprotokolle<\/mark><\/h3>\n\n\n\n<div class=\"wp-block-columns is-layout-flex wp-container-core-columns-is-layout-9d6595d7 wp-block-columns-is-layout-flex\">\n<div class=\"wp-block-column is-layout-flow wp-block-column-is-layout-flow\">\n<figure class=\"wp-block-image size-full is-resized\"><img loading=\"lazy\" decoding=\"async\" width=\"955\" height=\"542\" src=\"https:\/\/biqx.de\/wp-content\/uploads\/2024\/10\/NFC.png\" alt=\"\" class=\"wp-image-2581\" style=\"width:405px;height:auto\" srcset=\"https:\/\/biqx.de\/wp-content\/uploads\/2024\/10\/NFC.png 955w, https:\/\/biqx.de\/wp-content\/uploads\/2024\/10\/NFC-300x170.png 300w, https:\/\/biqx.de\/wp-content\/uploads\/2024\/10\/NFC-768x436.png 768w, https:\/\/biqx.de\/wp-content\/uploads\/2024\/10\/NFC-18x10.png 18w\" sizes=\"auto, (max-width: 955px) 100vw, 955px\" \/><\/figure>\n<\/div>\n\n\n\n<div class=\"wp-block-column is-layout-flow wp-block-column-is-layout-flow\">\n<p>Die Kommunikation im IoT erfolgt \u00fcber verschiedene Protokolle, die je nach Anwendung und Verbindungsanforderungen ausgew\u00e4hlt werden. Hier sind einige der wichtigsten Protokolle:<\/p>\n\n\n\n<p><strong>Satellit<\/strong>: Erm\u00f6glicht die globale Kommunikation, auch in abgelegenen Gebieten.<\/p>\n\n\n\n<p><strong>WLAN<\/strong>: H\u00e4ufig in Smart Homes und B\u00fcros verwendet, um Ger\u00e4te \u00fcber ein lokales Netzwerk zu verbinden.<\/p>\n<\/div>\n<\/div>\n\n\n\n<p><strong>Radiofrequenz (RF)<\/strong>: Wird verwendet, um Ger\u00e4te drahtlos \u00fcber gr\u00f6\u00dfere Entfernungen zu verbinden.<\/p>\n\n\n\n<p><strong>RFID (Radio-Frequency Identification)<\/strong>: Nutzt elektromagnetische Felder, um Objekte zu identifizieren und Informationen drahtlos zu \u00fcbertragen.<\/p>\n\n\n\n<p><strong>Bluetooth<\/strong>: Erm\u00f6glicht den Datenaustausch \u00fcber kurze Entfernungen, oft f\u00fcr tragbare Ger\u00e4te wie Kopfh\u00f6rer und Fitness-Tracker.<\/p>\n\n\n\n<p><strong>NFC (Near Field Communication)<\/strong>: Bietet eine drahtlose Kommunikation \u00fcber sehr kurze Distanzen, z.B. f\u00fcr kontaktloses Bezahlen.<\/p>\n\n\n\n<figure class=\"wp-block-image size-full is-resized\"><img loading=\"lazy\" decoding=\"async\" width=\"567\" height=\"26\" src=\"https:\/\/biqx.de\/wp-content\/uploads\/2024\/06\/Screenshot-2024-06-14-063306-4.png\" alt=\"\" class=\"wp-image-2232\" style=\"width:840px;height:auto\" srcset=\"https:\/\/biqx.de\/wp-content\/uploads\/2024\/06\/Screenshot-2024-06-14-063306-4.png 567w, https:\/\/biqx.de\/wp-content\/uploads\/2024\/06\/Screenshot-2024-06-14-063306-4-300x14.png 300w, https:\/\/biqx.de\/wp-content\/uploads\/2024\/06\/Screenshot-2024-06-14-063306-4-18x1.png 18w\" sizes=\"auto, (max-width: 567px) 100vw, 567px\" \/><\/figure>\n\n\n\n<h3 class=\"wp-block-heading\" style=\"font-size:22px\"><mark style=\"background-color:rgba(0, 0, 0, 0);color:#01a19a\" class=\"has-inline-color\">IoT-Architektur<\/mark><\/h3>\n\n\n\n<p>Die IoT-Architektur besteht aus mehreren Schichten, die gemeinsam arbeiten, um Daten zu erfassen, zu verarbeiten und zu nutzen:<\/p>\n\n\n\n<p><strong>IoT-Ger\u00e4te<\/strong>: Sensoren und smarte Ger\u00e4te wie Smartwatches, Smartphones und Haushaltsger\u00e4te, die Zugang zum Internet haben.<\/p>\n\n\n\n<p><strong>Sammelschicht<\/strong>: Diese Schicht erfasst die Daten von den IoT-Ger\u00e4ten und leitet sie weiter.<\/p>\n\n\n\n<p><strong>Cloud-Schicht<\/strong>: In dieser Schicht werden die Daten gespeichert, verarbeitet und analysiert. Cloud-Computing erm\u00f6glicht die Skalierung und Analyse gro\u00dfer Datenmengen.<\/p>\n\n\n\n<p><strong>Anwendungsschicht<\/strong>: Die Anwendungsschicht stellt die Daten f\u00fcr den Endbenutzer zur Verf\u00fcgung, oft in Form von Apps oder Dashboards, die auf die Bed\u00fcrfnisse der jeweiligen Branche zugeschnitten sind.<\/p>\n\n\n\n<figure class=\"wp-block-image size-full is-resized\"><img loading=\"lazy\" decoding=\"async\" width=\"567\" height=\"26\" src=\"https:\/\/biqx.de\/wp-content\/uploads\/2024\/06\/Screenshot-2024-06-14-063306-4.png\" alt=\"\" class=\"wp-image-2232\" style=\"width:838px;height:auto\" srcset=\"https:\/\/biqx.de\/wp-content\/uploads\/2024\/06\/Screenshot-2024-06-14-063306-4.png 567w, https:\/\/biqx.de\/wp-content\/uploads\/2024\/06\/Screenshot-2024-06-14-063306-4-300x14.png 300w, https:\/\/biqx.de\/wp-content\/uploads\/2024\/06\/Screenshot-2024-06-14-063306-4-18x1.png 18w\" sizes=\"auto, (max-width: 567px) 100vw, 567px\" \/><\/figure>\n\n\n\n<h3 class=\"wp-block-heading\" style=\"font-size:22px\"><mark style=\"background-color:rgba(0, 0, 0, 0);color:#01a19a\" class=\"has-inline-color\">Vorteile von IoT<\/mark>                                                                                       <\/h3>\n\n\n\n<div class=\"wp-block-columns is-layout-flex wp-container-core-columns-is-layout-9d6595d7 wp-block-columns-is-layout-flex\">\n<div class=\"wp-block-column is-layout-flow wp-block-column-is-layout-flow\">\n<p><strong>Automatisierung und Effizienz<\/strong>: Ger\u00e4te k\u00f6nnen selbstst\u00e4ndig Entscheidungen treffen und Prozesse automatisieren, was zu einer h\u00f6heren Produktivit\u00e4t f\u00fchrt.<\/p>\n\n\n\n<p><strong>Datenbasierte Entscheidungen<\/strong>: Echtzeitdaten erm\u00f6glichen es Unternehmen und Privatpersonen, fundierte Entscheidungen zu treffen.<\/p>\n\n\n\n<p><strong>Kosteneinsparung<\/strong>: Durch die Optimierung von Prozessen und die Reduktion von Ausfallzeiten k\u00f6nnen Kosten gesenkt werden.<\/p>\n\n\n\n<p><strong>Verbesserter Kundenservice<\/strong>: IoT-Anwendungen k\u00f6nnen Kundenerfahrungen verbessern, indem sie personalisierte und schnelle Dienstleistungen bieten.<\/p>\n<\/div>\n\n\n\n<div class=\"wp-block-column is-layout-flow wp-block-column-is-layout-flow\">\n<figure class=\"wp-block-image size-large is-resized\"><img loading=\"lazy\" decoding=\"async\" width=\"1024\" height=\"683\" src=\"https:\/\/biqx.de\/wp-content\/uploads\/2024\/10\/technology-4256272_1280-1024x683.jpg\" alt=\"\" class=\"wp-image-2583\" style=\"width:479px;height:auto\" srcset=\"https:\/\/biqx.de\/wp-content\/uploads\/2024\/10\/technology-4256272_1280-1024x683.jpg 1024w, https:\/\/biqx.de\/wp-content\/uploads\/2024\/10\/technology-4256272_1280-300x200.jpg 300w, https:\/\/biqx.de\/wp-content\/uploads\/2024\/10\/technology-4256272_1280-768x512.jpg 768w, https:\/\/biqx.de\/wp-content\/uploads\/2024\/10\/technology-4256272_1280-18x12.jpg 18w, https:\/\/biqx.de\/wp-content\/uploads\/2024\/10\/technology-4256272_1280.jpg 1280w\" sizes=\"auto, (max-width: 1024px) 100vw, 1024px\" \/><\/figure>\n<\/div>\n<\/div>\n\n\n\n<p>IoT ist eine Schl\u00fcsseltechnologie, die das t\u00e4gliche Leben und die IT-Welt grundlegend ver\u00e4ndert, indem sie die Art und Weise, wie wir Ger\u00e4te verwenden, Daten nutzen und Dienstleistungen bereitstellen, revolutioniert.<\/p>\n\n\n\n<div class=\"wp-block-buttons is-layout-flex wp-block-buttons-is-layout-flex\">\n<div class=\"wp-block-button is-style-outline is-style-outline--1\"><a class=\"wp-block-button__link has-white-color has-text-color has-background has-link-color wp-element-button\" href=\"https:\/\/biqx.de\/en\/2021\/07\/08\/die-biqx-gmbh-beteiligt-sich-an-forschungsprojekt\/\" style=\"background-color:#01a19a\">Gef\u00f6rderte IoT-Projekte<\/a><\/div>\n\n\n\n<div class=\"wp-block-button is-style-outline is-style-outline--2\"><a class=\"wp-block-button__link has-white-color has-text-color has-background has-link-color wp-element-button\" href=\"https:\/\/biqx.de\/en\/2020\/11\/30\/die-augen-autonomer-fahrzeuge\/\" style=\"background-color:#01a19a\">IoT f\u00fcr autonomes Fahren<\/a><\/div>\n<\/div>\n\n\n\n<p><\/p>","protected":false},"excerpt":{"rendered":"<p>Was ist IoT Das Internet der Dinge (IoT, &#8222;Internet of Things&#8220;) bezeichnet ein Netzwerk aus physischen Ger\u00e4ten und Objekten, die \u00fcber Sensoren, Software und andere Technologien mit dem Internet verbunden &#8230;<\/p>","protected":false},"author":8,"featured_media":0,"parent":0,"menu_order":0,"comment_status":"closed","ping_status":"closed","template":"","meta":{"footnotes":"[]"},"class_list":["post-2570","page","type-page","status-publish","hentry"],"_links":{"self":[{"href":"https:\/\/biqx.de\/en\/wp-json\/wp\/v2\/pages\/2570","targetHints":{"allow":["GET"]}}],"collection":[{"href":"https:\/\/biqx.de\/en\/wp-json\/wp\/v2\/pages"}],"about":[{"href":"https:\/\/biqx.de\/en\/wp-json\/wp\/v2\/types\/page"}],"author":[{"embeddable":true,"href":"https:\/\/biqx.de\/en\/wp-json\/wp\/v2\/users\/8"}],"replies":[{"embeddable":true,"href":"https:\/\/biqx.de\/en\/wp-json\/wp\/v2\/comments?post=2570"}],"version-history":[{"count":12,"href":"https:\/\/biqx.de\/en\/wp-json\/wp\/v2\/pages\/2570\/revisions"}],"predecessor-version":[{"id":2589,"href":"https:\/\/biqx.de\/en\/wp-json\/wp\/v2\/pages\/2570\/revisions\/2589"}],"wp:attachment":[{"href":"https:\/\/biqx.de\/en\/wp-json\/wp\/v2\/media?parent=2570"}],"curies":[{"name":"wp","href":"https:\/\/api.w.org\/{rel}","templated":true}]}}