{"id":24,"date":"2016-02-12T08:13:06","date_gmt":"2016-02-12T08:13:06","guid":{"rendered":"http:\/\/demos.famethemes.com\/onepress\/?page_id=24"},"modified":"2024-06-13T13:06:46","modified_gmt":"2024-06-13T11:06:46","slug":"service-title-2","status":"publish","type":"page","link":"https:\/\/biqx.de\/en\/service-title-2\/","title":{"rendered":"Application development"},"content":{"rendered":"<p>Ob Web- oder mobile Applikationen \u2013 im Zentrum stehst du als Nutzer. Unsere Projekte werden agil entwickelt und von Anforderungsmanagern begleitet, um sicherzustellen, dass du als Kunde das bekommst, was du ben\u00f6tigst. Wir erzeugen zukunftsf\u00e4hige Gesamtsysteme, die aus der optimalen Oberfl\u00e4che mit den richtigen Informationen am richtigen Ort und allen notwendigen Schnittstellen bestehen.<\/p>\n\n\n\n<div style=\"height:20px\" aria-hidden=\"true\" class=\"wp-block-spacer\"><\/div>\n\n\n\n<p><strong>Our tech stack: C#, TypeScript (Angular, React)<\/strong><\/p>","protected":false},"excerpt":{"rendered":"<p>Schwerpunkte:<br \/>\nBackend-Anwendungen<br \/>\nWeb-Applikationen<br \/>\nSmartphone Applikationen<br \/>\nModulare DSL  (Domain-Specific Language)<\/p>","protected":false},"author":2,"featured_media":0,"parent":0,"menu_order":0,"comment_status":"closed","ping_status":"closed","template":"","meta":{"footnotes":""},"class_list":["post-24","page","type-page","status-publish","hentry"],"_links":{"self":[{"href":"https:\/\/biqx.de\/en\/wp-json\/wp\/v2\/pages\/24","targetHints":{"allow":["GET"]}}],"collection":[{"href":"https:\/\/biqx.de\/en\/wp-json\/wp\/v2\/pages"}],"about":[{"href":"https:\/\/biqx.de\/en\/wp-json\/wp\/v2\/types\/page"}],"author":[{"embeddable":true,"href":"https:\/\/biqx.de\/en\/wp-json\/wp\/v2\/users\/2"}],"replies":[{"embeddable":true,"href":"https:\/\/biqx.de\/en\/wp-json\/wp\/v2\/comments?post=24"}],"version-history":[{"count":19,"href":"https:\/\/biqx.de\/en\/wp-json\/wp\/v2\/pages\/24\/revisions"}],"predecessor-version":[{"id":2195,"href":"https:\/\/biqx.de\/en\/wp-json\/wp\/v2\/pages\/24\/revisions\/2195"}],"wp:attachment":[{"href":"https:\/\/biqx.de\/en\/wp-json\/wp\/v2\/media?parent=24"}],"curies":[{"name":"wp","href":"https:\/\/api.w.org\/{rel}","templated":true}]}}