{"id":2188,"date":"2024-06-13T09:25:37","date_gmt":"2024-06-13T07:25:37","guid":{"rendered":"https:\/\/biqx.de\/?page_id=2188"},"modified":"2024-10-10T09:30:57","modified_gmt":"2024-10-10T07:30:57","slug":"softwareentwicklung","status":"publish","type":"page","link":"https:\/\/biqx.de\/en\/softwareentwicklung\/","title":{"rendered":"Software Development"},"content":{"rendered":"<p>We are your partner for innovative and customized software solutions. Whether you need an app, a complex management system or a special application - we implement your ideas. Our experienced team develops everything from scratch and adapts it exactly to your needs. The basis for this is our Nucleus development kit, which creates efficiency and security for you! Do you have a vision? We have the expertise to make it a reality!<\/p>\n\n\n\n\n\n<p><\/p>","protected":false},"excerpt":{"rendered":"<p>Wir sind dein Partner f\u00fcr innovative und ma\u00dfgeschneiderte Softwarel\u00f6sungen. Ob du eine App, ein komplexes Managementsystem oder eine spezielle Anwendung ben\u00f6tigst \u2013 wir setzen deine Ideen um. Unser erfahrenes Team &#8230;<\/p>","protected":false},"author":7,"featured_media":0,"parent":0,"menu_order":0,"comment_status":"closed","ping_status":"closed","template":"","meta":{"footnotes":""},"class_list":["post-2188","page","type-page","status-publish","hentry"],"_links":{"self":[{"href":"https:\/\/biqx.de\/en\/wp-json\/wp\/v2\/pages\/2188","targetHints":{"allow":["GET"]}}],"collection":[{"href":"https:\/\/biqx.de\/en\/wp-json\/wp\/v2\/pages"}],"about":[{"href":"https:\/\/biqx.de\/en\/wp-json\/wp\/v2\/types\/page"}],"author":[{"embeddable":true,"href":"https:\/\/biqx.de\/en\/wp-json\/wp\/v2\/users\/7"}],"replies":[{"embeddable":true,"href":"https:\/\/biqx.de\/en\/wp-json\/wp\/v2\/comments?post=2188"}],"version-history":[{"count":12,"href":"https:\/\/biqx.de\/en\/wp-json\/wp\/v2\/pages\/2188\/revisions"}],"predecessor-version":[{"id":2566,"href":"https:\/\/biqx.de\/en\/wp-json\/wp\/v2\/pages\/2188\/revisions\/2566"}],"wp:attachment":[{"href":"https:\/\/biqx.de\/en\/wp-json\/wp\/v2\/media?parent=2188"}],"curies":[{"name":"wp","href":"https:\/\/api.w.org\/{rel}","templated":true}]}}