{"id":1524,"date":"2020-11-08T20:23:30","date_gmt":"2020-11-08T19:23:30","guid":{"rendered":"https:\/\/biqx.de\/site\/?page_id=1524"},"modified":"2024-11-29T11:27:49","modified_gmt":"2024-11-29T10:27:49","slug":"karriere","status":"publish","type":"page","link":"https:\/\/biqx.de\/en\/karriere\/","title":{"rendered":"Career"},"content":{"rendered":"<h2 class=\"wp-block-heading has-text-align-center wow slideInUp has-medium-font-size\">Our vacancies<\/h2>\n\n\n\n<div id=\"join-widget\">\n        <script\n          defer\n type=\"text\/javascript\"\n          data-mount-in=\"#join-widget\"\n          src=\"https:\/\/join.com\/api\/widget\/bundle\/eyJhbGciOiJIUzI1NiIsInR5cCI6IkpXVCJ9.eyJzZXR0aW5ncyI6eyJzaG93Q2F0ZWdvcnlGaWx0ZXIiOmZhbHNlLCJzaG93TG9jYXRpb25GaWx0ZXIiOmZhbHNlLCJzaG93RW1wbG95bWVudFR5cGVGaWx0ZXIiOnRydWUsImxhbmd1YWdlIjoiZGUiLCJqb2JzUGVyUGFnZSI6MjV9LCJqb2JzIjp7fSwiZGVzaWduIjp7InNob3dMb2dvIjp0cnVlLCJzaG93TG9jYXRpb24iOnRydWUsInNob3dFbXBsb3ltZW50VHlwZSI6ZmFsc2UsInNob3dDYXRlZ29yeSI6ZmFsc2UsImNvbG9ycyI6eyJ3aWRnZXQiOnsiYmFja2dyb3VuZCI6IiNGRkZGRkYiLCJmaWx0ZXJCb3JkZXIiOiIjRDRENEQ4IiwicGFnaW5hdGlvbiI6IiMyNTYzRUIifSwiam9iQ2FyZCI6eyJzaGFkb3ciOiIjRDRENEQ4IiwiYmFja2dyb3VuZCI6IiNGRkZGRkYiLCJwcmltYXJ5VGV4dCI6IiMzRjNGNDYiLCJzZWNvbmRhcnlUZXh0IjoiIzUyNTI1QiJ9fX0sInZlcnNpb24iOjIsImNvbXBhbnlQdWJsaWNJZCI6ImQ4NWUyYTg2MmFhYTY0Njg0ZDQxMjhhZGUzOGI3ZDQ4IiwiaWF0IjoxNzMyODczODk2LCJqdGkiOiI3MTFlOGU4MC03NGVmLTQ0MWItYTA5Zi1hZGNlOGE3YjQ4YmEifQ.VjuCyK4JLUyL5eEz_zTmqaAerigE_e2Vg2Olh82gDxo\"\n        ><\/script>\n      <\/div>\n\n\n\n<div style=\"height:40px\" aria-hidden=\"true\" class=\"wp-block-spacer\"><\/div>\n\n\n\n<hr class=\"wp-block-separator has-text-color has-css-opacity has-background wow slideInRight is-style-default\" style=\"background-color:#01a19a;color:#01a19a\"\/>\n\n\n\n<div style=\"height:22px\" aria-hidden=\"true\" class=\"wp-block-spacer\"><\/div>\n\n\n\n<div class=\"wp-block-columns is-layout-flex wp-container-core-columns-is-layout-9d6595d7 wp-block-columns-is-layout-flex\">\n<div class=\"wp-block-column is-layout-flow wp-block-column-is-layout-flow\" style=\"flex-basis:33.33%\">\n<figure class=\"wp-block-image size-large wow slideInUp\"><img loading=\"lazy\" decoding=\"async\" width=\"409\" height=\"614\" src=\"https:\/\/biqx.de\/wp-content\/uploads\/2024\/06\/anstrich_small.jpg\" alt=\"\" class=\"wp-image-1851\" srcset=\"https:\/\/biqx.de\/wp-content\/uploads\/2024\/06\/anstrich_small.jpg 409w, https:\/\/biqx.de\/wp-content\/uploads\/2024\/06\/anstrich_small-200x300.jpg 200w, https:\/\/biqx.de\/wp-content\/uploads\/2024\/06\/anstrich_small-8x12.jpg 8w\" sizes=\"auto, (max-width: 409px) 100vw, 409px\" \/><\/figure>\n\n\n\n<p><\/p>\n<\/div>\n\n\n\n<div class=\"wp-block-column wow slideInUp is-layout-flow wp-block-column-is-layout-flow\" style=\"flex-basis:66.66%\">\n<div style=\"height:20px\" aria-hidden=\"true\" class=\"wp-block-spacer\"><\/div>\n\n\n\n<div class=\"wp-block-group\"><div class=\"wp-block-group__inner-container is-layout-flow wp-block-group-is-layout-flow\">\n<p class=\"has-text-align-center wow slideInUp has-medium-font-size\"><mark style=\"background-color:rgba(0, 0, 0, 0)\" class=\"has-inline-color has-black-color\">There are many good reasons to apply with us<\/mark><\/p>\n\n\n\n<div style=\"height:20px\" aria-hidden=\"true\" class=\"wp-block-spacer\"><\/div>\n\n\n\n<h4 class=\"wp-block-heading wow slideInUp\">Creative freedom and development prospects<\/h4>\n\n\n\n<p class=\"wow slideInUp\">Our flat hierarchies allow plenty of individual scope for the ideas of our team. As a young, growing company, we offer a wide range of development opportunities to turn  hobby into career.<\/p>\n\n\n\n<h4 class=\"wp-block-heading wow slideInUp\">Indefinite contract and attractive salary<\/h4>\n\n\n\n<p class=\"wow slideInUp\">Our employees get a permanent employment contract - we offer security and continuity. Good work must be rewarded, that's why we offer our employees attractive salary.<\/p>\n\n\n\n<h4 class=\"wp-block-heading wow slideInUp\">Work-life balance and events<\/h4>\n\n\n\n<p class=\"wow slideInUp\">Satisfaction is a significant aspect of good work - that's why we consider a good work-life balance to be so important. The joint lunch and various events are part of this to empower the team spirit.<\/p>\n\n\n\n<h4 class=\"wp-block-heading wow slideInUp\">The best team, friendly customers and exciting projects<\/h4>\n\n\n\n<p class=\"wow slideInUp\">Work should be fun. This is ensured by our team of experts from a wide range of (IT) fields, who challenge and encourage each other. We implement exciting projects together with our customers in an atmosphere of partnership.<\/p>\n<\/div><\/div>\n<\/div>\n<\/div>\n\n\n\n<div style=\"height:22px\" aria-hidden=\"true\" class=\"wp-block-spacer\"><\/div>\n\n\n\n<hr class=\"wp-block-separator has-text-color has-css-opacity has-background wow slideInLeft is-style-default\" style=\"background-color:#01a19a;color:#01a19a\"\/>\n\n\n\n<div style=\"height:40px\" aria-hidden=\"true\" class=\"wp-block-spacer\"><\/div>\n\n\n\n<div class=\"wp-block-columns slideInUp is-layout-flex wp-container-core-columns-is-layout-9d6595d7 wp-block-columns-is-layout-flex\">\n<div class=\"wp-block-column is-layout-flow wp-block-column-is-layout-flow\" style=\"flex-basis:66.66%\">\n<div class=\"wp-block-group wow slideInUp\"><div class=\"wp-block-group__inner-container is-layout-flow wp-block-group-is-layout-flow\">\n<h3 class=\"wp-block-heading has-text-align-center wow slideInUp\">Take the initiative<\/h3>\n\n\n\n<div style=\"height:20px\" aria-hidden=\"true\" class=\"wp-block-spacer\"><\/div>\n\n\n\n<p class=\"has-text-align-center wow slideInUp\">Are you passionate about software development and do you share our values? <\/p>\n\n\n\n<p class=\"has-text-align-center wow slideInUp\">Do you want to provide impulses and have the courage to think outside the box? <\/p>\n\n\n\n<p class=\"has-text-align-center wow slideInUp\">Then this is the right place for you.<\/p>\n\n\n\n<div style=\"height:35px\" aria-hidden=\"true\" class=\"wp-block-spacer\"><\/div>\n\n\n\n<h4 class=\"wp-block-heading wow slideInUp\">We are looking for!<\/h4>\n\n\n\n<p class=\"has-text-align-left wow slideInUp\">As a growing company, we have various vacancies - there is certainly something for you. Alternatively, we would also be pleased to receive your unsolicited application in which you convince us of your qualities.<\/p>\n\n\n\n<div style=\"height:35px\" aria-hidden=\"true\" class=\"wp-block-spacer\"><\/div>\n\n\n\n<h4 class=\"wp-block-heading wow slideInUp\">Different, but still normal.<\/h4>\n\n\n\n<p class=\"wow slideInUp\">For our application process, we need a short cover letter, a CV and certificates relevant to your studies or career that outline your background.<\/p>\n\n\n\n<p class=\"wow slideInUp\">Send us your detailed application documents, with details of the desired position, the next possible starting date and your salary expectations to&nbsp;<a href=\"mailto:jobs@biqx.de\" data-type=\"mailto\" data-id=\"mailto:jobs@biqx.de\">jobs@biqx.de<\/a>.<\/p>\n<\/div><\/div>\n<\/div>\n\n\n\n<div class=\"wp-block-column is-layout-flow wp-block-column-is-layout-flow\" style=\"flex-basis:33.33%\">\n<figure class=\"wp-block-image size-full wow slideInDown\"><img loading=\"lazy\" decoding=\"async\" width=\"528\" height=\"704\" src=\"https:\/\/biqx.de\/site\/wp-content\/uploads\/2020\/11\/different.png\" alt=\"\" class=\"wp-image-1800\" srcset=\"https:\/\/biqx.de\/wp-content\/uploads\/2020\/11\/different.png 528w, https:\/\/biqx.de\/wp-content\/uploads\/2020\/11\/different-225x300.png 225w\" sizes=\"auto, (max-width: 528px) 100vw, 528px\" \/><\/figure>\n\n\n\n<p><\/p>\n<\/div>\n<\/div>\n\n\n\n<div style=\"height:40px\" aria-hidden=\"true\" class=\"wp-block-spacer\"><\/div>\n\n\n\n<p><\/p>","protected":false},"excerpt":{"rendered":"<p>Unsere offenen Stellen Es gibt viele gute Gr\u00fcnde, sich bei uns zu bewerben Gestaltungsfreiheit und Entwicklungsperspektiven Unsere flachen Hierarchien erm\u00f6glichen viel individuellen Gestaltungsspielraum f\u00fcr die Ideen unseres Teams. Als junges, &#8230;<\/p>","protected":false},"author":1,"featured_media":0,"parent":0,"menu_order":0,"comment_status":"closed","ping_status":"closed","template":"template-fullwidth.php","meta":{"footnotes":""},"class_list":["post-1524","page","type-page","status-publish","hentry"],"_links":{"self":[{"href":"https:\/\/biqx.de\/en\/wp-json\/wp\/v2\/pages\/1524","targetHints":{"allow":["GET"]}}],"collection":[{"href":"https:\/\/biqx.de\/en\/wp-json\/wp\/v2\/pages"}],"about":[{"href":"https:\/\/biqx.de\/en\/wp-json\/wp\/v2\/types\/page"}],"author":[{"embeddable":true,"href":"https:\/\/biqx.de\/en\/wp-json\/wp\/v2\/users\/1"}],"replies":[{"embeddable":true,"href":"https:\/\/biqx.de\/en\/wp-json\/wp\/v2\/comments?post=1524"}],"version-history":[{"count":59,"href":"https:\/\/biqx.de\/en\/wp-json\/wp\/v2\/pages\/1524\/revisions"}],"predecessor-version":[{"id":2643,"href":"https:\/\/biqx.de\/en\/wp-json\/wp\/v2\/pages\/1524\/revisions\/2643"}],"wp:attachment":[{"href":"https:\/\/biqx.de\/en\/wp-json\/wp\/v2\/media?parent=1524"}],"curies":[{"name":"wp","href":"https:\/\/api.w.org\/{rel}","templated":true}]}}